{"id":70,"date":"2024-03-01T09:01:20","date_gmt":"2024-03-01T09:01:20","guid":{"rendered":"https:\/\/ladistilleriedutigre.fr\/?post_type=product&#038;p=70"},"modified":"2024-11-18T19:17:57","modified_gmt":"2024-11-18T18:17:57","slug":"be-pilsner-no4","status":"publish","type":"product","link":"https:\/\/ladistilleriedutigre.fr\/index.php\/produit\/be-pilsner-no4\/","title":{"rendered":"Louis Rouge"},"content":{"rendered":"<p>Le RHUM LOUIS ROUGE ambr\u00e9 est vieilli en f\u00fbt de ch\u00eane Fran\u00e7ais avec une finition dans des f\u00fbts de ch\u00eane Fran\u00e7ais ayant contenu 5 vinifications de Margaux Rouge BRANE CANTENAC.<\/p>\n","protected":false},"excerpt":{"rendered":"<h6>42% | 70cl<\/h6>\n","protected":false},"featured_media":405,"comment_status":"open","ping_status":"closed","template":"","meta":{"content-type":""},"product_brand":[],"product_cat":[19],"product_tag":[],"class_list":{"0":"post-70","1":"product","2":"type-product","3":"status-publish","4":"has-post-thumbnail","6":"product_cat-liqueurs","8":"first","9":"instock","10":"purchasable","11":"product-type-simple"},"yoast_head":"<!-- This site is optimized with the Yoast SEO plugin v27.3 - https:\/\/yoast.com\/product\/yoast-seo-wordpress\/ -->\n<title>Louis Rouge - La Distillerie du Tigre - Thir\u00e9<\/title>\n<meta name=\"robots\" content=\"index, follow, max-snippet:-1, max-image-preview:large, max-video-preview:-1\" \/>\n<link rel=\"canonical\" href=\"https:\/\/ladistilleriedutigre.fr\/index.php\/produit\/be-pilsner-no4\/\" \/>\n<meta property=\"og:locale\" content=\"fr_FR\" \/>\n<meta property=\"og:type\" content=\"article\" \/>\n<meta property=\"og:title\" content=\"Louis Rouge - La Distillerie du Tigre - Thir\u00e9\" \/>\n<meta property=\"og:description\" content=\"42% | 70cl\" \/>\n<meta property=\"og:url\" content=\"https:\/\/ladistilleriedutigre.fr\/index.php\/produit\/be-pilsner-no4\/\" \/>\n<meta property=\"og:site_name\" content=\"La Distillerie du Tigre - Thir\u00e9\" \/>\n<meta property=\"article:modified_time\" content=\"2024-11-18T18:17:57+00:00\" \/>\n<meta property=\"og:image\" content=\"https:\/\/ladistilleriedutigre.fr\/wp-content\/uploads\/2024\/03\/IMG_5546-1-1.png\" \/>\n\t<meta property=\"og:image:width\" content=\"1800\" \/>\n\t<meta property=\"og:image:height\" content=\"2400\" \/>\n\t<meta property=\"og:image:type\" content=\"image\/png\" \/>\n<meta name=\"twitter:card\" content=\"summary_large_image\" \/>\n<meta name=\"twitter:label1\" content=\"Dur\u00e9e de lecture estim\u00e9e\" \/>\n\t<meta name=\"twitter:data1\" content=\"1 minute\" \/>\n<script type=\"application\/ld+json\" class=\"yoast-schema-graph\">{\"@context\":\"https:\\\/\\\/schema.org\",\"@graph\":[{\"@type\":\"WebPage\",\"@id\":\"https:\\\/\\\/ladistilleriedutigre.fr\\\/index.php\\\/produit\\\/be-pilsner-no4\\\/\",\"url\":\"https:\\\/\\\/ladistilleriedutigre.fr\\\/index.php\\\/produit\\\/be-pilsner-no4\\\/\",\"name\":\"Louis Rouge - La Distillerie du Tigre - Thir\u00e9\",\"isPartOf\":{\"@id\":\"https:\\\/\\\/ladistilleriedutigre.fr\\\/#website\"},\"primaryImageOfPage\":{\"@id\":\"https:\\\/\\\/ladistilleriedutigre.fr\\\/index.php\\\/produit\\\/be-pilsner-no4\\\/#primaryimage\"},\"image\":{\"@id\":\"https:\\\/\\\/ladistilleriedutigre.fr\\\/index.php\\\/produit\\\/be-pilsner-no4\\\/#primaryimage\"},\"thumbnailUrl\":\"https:\\\/\\\/ladistilleriedutigre.fr\\\/wp-content\\\/uploads\\\/2024\\\/03\\\/IMG_5546-1-1.png\",\"datePublished\":\"2024-03-01T09:01:20+00:00\",\"dateModified\":\"2024-11-18T18:17:57+00:00\",\"breadcrumb\":{\"@id\":\"https:\\\/\\\/ladistilleriedutigre.fr\\\/index.php\\\/produit\\\/be-pilsner-no4\\\/#breadcrumb\"},\"inLanguage\":\"fr-FR\",\"potentialAction\":[{\"@type\":\"ReadAction\",\"target\":[\"https:\\\/\\\/ladistilleriedutigre.fr\\\/index.php\\\/produit\\\/be-pilsner-no4\\\/\"]}]},{\"@type\":\"ImageObject\",\"inLanguage\":\"fr-FR\",\"@id\":\"https:\\\/\\\/ladistilleriedutigre.fr\\\/index.php\\\/produit\\\/be-pilsner-no4\\\/#primaryimage\",\"url\":\"https:\\\/\\\/ladistilleriedutigre.fr\\\/wp-content\\\/uploads\\\/2024\\\/03\\\/IMG_5546-1-1.png\",\"contentUrl\":\"https:\\\/\\\/ladistilleriedutigre.fr\\\/wp-content\\\/uploads\\\/2024\\\/03\\\/IMG_5546-1-1.png\",\"width\":1800,\"height\":2400},{\"@type\":\"BreadcrumbList\",\"@id\":\"https:\\\/\\\/ladistilleriedutigre.fr\\\/index.php\\\/produit\\\/be-pilsner-no4\\\/#breadcrumb\",\"itemListElement\":[{\"@type\":\"ListItem\",\"position\":1,\"name\":\"Accueil\",\"item\":\"https:\\\/\\\/ladistilleriedutigre.fr\\\/\"},{\"@type\":\"ListItem\",\"position\":2,\"name\":\"Boutique\",\"item\":\"https:\\\/\\\/ladistilleriedutigre.fr\\\/index.php\\\/shop\\\/\"},{\"@type\":\"ListItem\",\"position\":3,\"name\":\"Louis Rouge\"}]},{\"@type\":\"WebSite\",\"@id\":\"https:\\\/\\\/ladistilleriedutigre.fr\\\/#website\",\"url\":\"https:\\\/\\\/ladistilleriedutigre.fr\\\/\",\"name\":\"La Distillerie du Tigre - Thir\u00e9\",\"description\":\"Spiritueux, Liqueurs, Rhums, Whiskys\",\"publisher\":{\"@id\":\"https:\\\/\\\/ladistilleriedutigre.fr\\\/#organization\"},\"potentialAction\":[{\"@type\":\"SearchAction\",\"target\":{\"@type\":\"EntryPoint\",\"urlTemplate\":\"https:\\\/\\\/ladistilleriedutigre.fr\\\/?s={search_term_string}\"},\"query-input\":{\"@type\":\"PropertyValueSpecification\",\"valueRequired\":true,\"valueName\":\"search_term_string\"}}],\"inLanguage\":\"fr-FR\"},{\"@type\":\"Organization\",\"@id\":\"https:\\\/\\\/ladistilleriedutigre.fr\\\/#organization\",\"name\":\"La Distillerie du Tigre - Thir\u00e9\",\"url\":\"https:\\\/\\\/ladistilleriedutigre.fr\\\/\",\"logo\":{\"@type\":\"ImageObject\",\"inLanguage\":\"fr-FR\",\"@id\":\"https:\\\/\\\/ladistilleriedutigre.fr\\\/#\\\/schema\\\/logo\\\/image\\\/\",\"url\":\"https:\\\/\\\/ladistilleriedutigre.fr\\\/wp-content\\\/uploads\\\/2024\\\/07\\\/Logo.svg\",\"contentUrl\":\"https:\\\/\\\/ladistilleriedutigre.fr\\\/wp-content\\\/uploads\\\/2024\\\/07\\\/Logo.svg\",\"width\":404,\"height\":277,\"caption\":\"La Distillerie du Tigre - Thir\u00e9\"},\"image\":{\"@id\":\"https:\\\/\\\/ladistilleriedutigre.fr\\\/#\\\/schema\\\/logo\\\/image\\\/\"}}]}<\/script>\n<!-- \/ Yoast SEO plugin. -->","yoast_head_json":{"title":"Louis Rouge - La Distillerie du Tigre - Thir\u00e9","robots":{"index":"index","follow":"follow","max-snippet":"max-snippet:-1","max-image-preview":"max-image-preview:large","max-video-preview":"max-video-preview:-1"},"canonical":"https:\/\/ladistilleriedutigre.fr\/index.php\/produit\/be-pilsner-no4\/","og_locale":"fr_FR","og_type":"article","og_title":"Louis Rouge - La Distillerie du Tigre - Thir\u00e9","og_description":"42% | 70cl","og_url":"https:\/\/ladistilleriedutigre.fr\/index.php\/produit\/be-pilsner-no4\/","og_site_name":"La Distillerie du Tigre - Thir\u00e9","article_modified_time":"2024-11-18T18:17:57+00:00","og_image":[{"width":1800,"height":2400,"url":"https:\/\/ladistilleriedutigre.fr\/wp-content\/uploads\/2024\/03\/IMG_5546-1-1.png","type":"image\/png"}],"twitter_card":"summary_large_image","twitter_misc":{"Dur\u00e9e de lecture estim\u00e9e":"1 minute"},"schema":{"@context":"https:\/\/schema.org","@graph":[{"@type":"WebPage","@id":"https:\/\/ladistilleriedutigre.fr\/index.php\/produit\/be-pilsner-no4\/","url":"https:\/\/ladistilleriedutigre.fr\/index.php\/produit\/be-pilsner-no4\/","name":"Louis Rouge - La Distillerie du Tigre - Thir\u00e9","isPartOf":{"@id":"https:\/\/ladistilleriedutigre.fr\/#website"},"primaryImageOfPage":{"@id":"https:\/\/ladistilleriedutigre.fr\/index.php\/produit\/be-pilsner-no4\/#primaryimage"},"image":{"@id":"https:\/\/ladistilleriedutigre.fr\/index.php\/produit\/be-pilsner-no4\/#primaryimage"},"thumbnailUrl":"https:\/\/ladistilleriedutigre.fr\/wp-content\/uploads\/2024\/03\/IMG_5546-1-1.png","datePublished":"2024-03-01T09:01:20+00:00","dateModified":"2024-11-18T18:17:57+00:00","breadcrumb":{"@id":"https:\/\/ladistilleriedutigre.fr\/index.php\/produit\/be-pilsner-no4\/#breadcrumb"},"inLanguage":"fr-FR","potentialAction":[{"@type":"ReadAction","target":["https:\/\/ladistilleriedutigre.fr\/index.php\/produit\/be-pilsner-no4\/"]}]},{"@type":"ImageObject","inLanguage":"fr-FR","@id":"https:\/\/ladistilleriedutigre.fr\/index.php\/produit\/be-pilsner-no4\/#primaryimage","url":"https:\/\/ladistilleriedutigre.fr\/wp-content\/uploads\/2024\/03\/IMG_5546-1-1.png","contentUrl":"https:\/\/ladistilleriedutigre.fr\/wp-content\/uploads\/2024\/03\/IMG_5546-1-1.png","width":1800,"height":2400},{"@type":"BreadcrumbList","@id":"https:\/\/ladistilleriedutigre.fr\/index.php\/produit\/be-pilsner-no4\/#breadcrumb","itemListElement":[{"@type":"ListItem","position":1,"name":"Accueil","item":"https:\/\/ladistilleriedutigre.fr\/"},{"@type":"ListItem","position":2,"name":"Boutique","item":"https:\/\/ladistilleriedutigre.fr\/index.php\/shop\/"},{"@type":"ListItem","position":3,"name":"Louis Rouge"}]},{"@type":"WebSite","@id":"https:\/\/ladistilleriedutigre.fr\/#website","url":"https:\/\/ladistilleriedutigre.fr\/","name":"La Distillerie du Tigre - Thir\u00e9","description":"Spiritueux, Liqueurs, Rhums, Whiskys","publisher":{"@id":"https:\/\/ladistilleriedutigre.fr\/#organization"},"potentialAction":[{"@type":"SearchAction","target":{"@type":"EntryPoint","urlTemplate":"https:\/\/ladistilleriedutigre.fr\/?s={search_term_string}"},"query-input":{"@type":"PropertyValueSpecification","valueRequired":true,"valueName":"search_term_string"}}],"inLanguage":"fr-FR"},{"@type":"Organization","@id":"https:\/\/ladistilleriedutigre.fr\/#organization","name":"La Distillerie du Tigre - Thir\u00e9","url":"https:\/\/ladistilleriedutigre.fr\/","logo":{"@type":"ImageObject","inLanguage":"fr-FR","@id":"https:\/\/ladistilleriedutigre.fr\/#\/schema\/logo\/image\/","url":"https:\/\/ladistilleriedutigre.fr\/wp-content\/uploads\/2024\/07\/Logo.svg","contentUrl":"https:\/\/ladistilleriedutigre.fr\/wp-content\/uploads\/2024\/07\/Logo.svg","width":404,"height":277,"caption":"La Distillerie du Tigre - Thir\u00e9"},"image":{"@id":"https:\/\/ladistilleriedutigre.fr\/#\/schema\/logo\/image\/"}}]}},"jetpack_sharing_enabled":true,"_links":{"self":[{"href":"https:\/\/ladistilleriedutigre.fr\/index.php\/wp-json\/wp\/v2\/product\/70","targetHints":{"allow":["GET"]}}],"collection":[{"href":"https:\/\/ladistilleriedutigre.fr\/index.php\/wp-json\/wp\/v2\/product"}],"about":[{"href":"https:\/\/ladistilleriedutigre.fr\/index.php\/wp-json\/wp\/v2\/types\/product"}],"replies":[{"embeddable":true,"href":"https:\/\/ladistilleriedutigre.fr\/index.php\/wp-json\/wp\/v2\/comments?post=70"}],"version-history":[{"count":0,"href":"https:\/\/ladistilleriedutigre.fr\/index.php\/wp-json\/wp\/v2\/product\/70\/revisions"}],"wp:featuredmedia":[{"embeddable":true,"href":"https:\/\/ladistilleriedutigre.fr\/index.php\/wp-json\/wp\/v2\/media\/405"}],"wp:attachment":[{"href":"https:\/\/ladistilleriedutigre.fr\/index.php\/wp-json\/wp\/v2\/media?parent=70"}],"wp:term":[{"taxonomy":"product_brand","embeddable":true,"href":"https:\/\/ladistilleriedutigre.fr\/index.php\/wp-json\/wp\/v2\/product_brand?post=70"},{"taxonomy":"product_cat","embeddable":true,"href":"https:\/\/ladistilleriedutigre.fr\/index.php\/wp-json\/wp\/v2\/product_cat?post=70"},{"taxonomy":"product_tag","embeddable":true,"href":"https:\/\/ladistilleriedutigre.fr\/index.php\/wp-json\/wp\/v2\/product_tag?post=70"}],"curies":[{"name":"wp","href":"https:\/\/api.w.org\/{rel}","templated":true}]}}