{"id":75,"date":"2024-03-01T09:08:22","date_gmt":"2024-03-01T09:08:22","guid":{"rendered":"https:\/\/ladistilleriedutigre.fr\/?post_type=product&#038;p=75"},"modified":"2024-11-18T19:14:48","modified_gmt":"2024-11-18T18:14:48","slug":"be-ipa-no5","status":"publish","type":"product","link":"https:\/\/ladistilleriedutigre.fr\/index.php\/produit\/be-ipa-no5\/","title":{"rendered":"Le Tigre Jaune"},"content":{"rendered":"<p>Le TIGRE JAUNE est un pastis artisanal \u00e9labor\u00e9 \u00e0 partir d&rsquo;huile essentielle d&rsquo;anis \u00e9toil\u00e9e et de r\u00e9glisse. \u00c9quilibr\u00e9 et authentique, il se d\u00e9guste allong\u00e9 de quatre \u00e0 six fois son volume d&rsquo;eau fra\u00eeche et de gla\u00e7ons.<\/p>\n","protected":false},"excerpt":{"rendered":"<h6>45% | 70cl<\/h6>\n","protected":false},"featured_media":413,"comment_status":"open","ping_status":"closed","template":"","meta":{"content-type":""},"product_brand":[],"product_cat":[19],"product_tag":[],"class_list":{"0":"post-75","1":"product","2":"type-product","3":"status-publish","4":"has-post-thumbnail","6":"product_cat-liqueurs","8":"first","9":"instock","10":"purchasable","11":"product-type-simple"},"yoast_head":"<!-- This site is optimized with the Yoast SEO plugin v27.3 - https:\/\/yoast.com\/product\/yoast-seo-wordpress\/ -->\n<title>Le Tigre Jaune - La Distillerie du Tigre - Thir\u00e9<\/title>\n<meta name=\"robots\" content=\"index, follow, max-snippet:-1, max-image-preview:large, max-video-preview:-1\" \/>\n<link rel=\"canonical\" href=\"https:\/\/ladistilleriedutigre.fr\/index.php\/produit\/be-ipa-no5\/\" \/>\n<meta property=\"og:locale\" content=\"fr_FR\" \/>\n<meta property=\"og:type\" content=\"article\" \/>\n<meta property=\"og:title\" content=\"Le Tigre Jaune - La Distillerie du Tigre - Thir\u00e9\" \/>\n<meta property=\"og:description\" content=\"45% | 70cl\" \/>\n<meta property=\"og:url\" content=\"https:\/\/ladistilleriedutigre.fr\/index.php\/produit\/be-ipa-no5\/\" \/>\n<meta property=\"og:site_name\" content=\"La Distillerie du Tigre - Thir\u00e9\" \/>\n<meta property=\"article:modified_time\" content=\"2024-11-18T18:14:48+00:00\" \/>\n<meta property=\"og:image\" content=\"https:\/\/ladistilleriedutigre.fr\/wp-content\/uploads\/2024\/03\/Le-Tigre-Jaune-1.png\" \/>\n\t<meta property=\"og:image:width\" content=\"800\" \/>\n\t<meta property=\"og:image:height\" content=\"800\" \/>\n\t<meta property=\"og:image:type\" content=\"image\/png\" \/>\n<meta name=\"twitter:card\" content=\"summary_large_image\" \/>\n<meta name=\"twitter:label1\" content=\"Dur\u00e9e de lecture estim\u00e9e\" \/>\n\t<meta name=\"twitter:data1\" content=\"1 minute\" \/>\n<script type=\"application\/ld+json\" class=\"yoast-schema-graph\">{\"@context\":\"https:\\\/\\\/schema.org\",\"@graph\":[{\"@type\":\"WebPage\",\"@id\":\"https:\\\/\\\/ladistilleriedutigre.fr\\\/index.php\\\/produit\\\/be-ipa-no5\\\/\",\"url\":\"https:\\\/\\\/ladistilleriedutigre.fr\\\/index.php\\\/produit\\\/be-ipa-no5\\\/\",\"name\":\"Le Tigre Jaune - La Distillerie du Tigre - Thir\u00e9\",\"isPartOf\":{\"@id\":\"https:\\\/\\\/ladistilleriedutigre.fr\\\/#website\"},\"primaryImageOfPage\":{\"@id\":\"https:\\\/\\\/ladistilleriedutigre.fr\\\/index.php\\\/produit\\\/be-ipa-no5\\\/#primaryimage\"},\"image\":{\"@id\":\"https:\\\/\\\/ladistilleriedutigre.fr\\\/index.php\\\/produit\\\/be-ipa-no5\\\/#primaryimage\"},\"thumbnailUrl\":\"https:\\\/\\\/ladistilleriedutigre.fr\\\/wp-content\\\/uploads\\\/2024\\\/03\\\/Le-Tigre-Jaune-1.png\",\"datePublished\":\"2024-03-01T09:08:22+00:00\",\"dateModified\":\"2024-11-18T18:14:48+00:00\",\"breadcrumb\":{\"@id\":\"https:\\\/\\\/ladistilleriedutigre.fr\\\/index.php\\\/produit\\\/be-ipa-no5\\\/#breadcrumb\"},\"inLanguage\":\"fr-FR\",\"potentialAction\":[{\"@type\":\"ReadAction\",\"target\":[\"https:\\\/\\\/ladistilleriedutigre.fr\\\/index.php\\\/produit\\\/be-ipa-no5\\\/\"]}]},{\"@type\":\"ImageObject\",\"inLanguage\":\"fr-FR\",\"@id\":\"https:\\\/\\\/ladistilleriedutigre.fr\\\/index.php\\\/produit\\\/be-ipa-no5\\\/#primaryimage\",\"url\":\"https:\\\/\\\/ladistilleriedutigre.fr\\\/wp-content\\\/uploads\\\/2024\\\/03\\\/Le-Tigre-Jaune-1.png\",\"contentUrl\":\"https:\\\/\\\/ladistilleriedutigre.fr\\\/wp-content\\\/uploads\\\/2024\\\/03\\\/Le-Tigre-Jaune-1.png\",\"width\":800,\"height\":800},{\"@type\":\"BreadcrumbList\",\"@id\":\"https:\\\/\\\/ladistilleriedutigre.fr\\\/index.php\\\/produit\\\/be-ipa-no5\\\/#breadcrumb\",\"itemListElement\":[{\"@type\":\"ListItem\",\"position\":1,\"name\":\"Accueil\",\"item\":\"https:\\\/\\\/ladistilleriedutigre.fr\\\/\"},{\"@type\":\"ListItem\",\"position\":2,\"name\":\"Boutique\",\"item\":\"https:\\\/\\\/ladistilleriedutigre.fr\\\/index.php\\\/shop\\\/\"},{\"@type\":\"ListItem\",\"position\":3,\"name\":\"Le Tigre Jaune\"}]},{\"@type\":\"WebSite\",\"@id\":\"https:\\\/\\\/ladistilleriedutigre.fr\\\/#website\",\"url\":\"https:\\\/\\\/ladistilleriedutigre.fr\\\/\",\"name\":\"La Distillerie du Tigre - Thir\u00e9\",\"description\":\"Spiritueux, Liqueurs, Rhums, Whiskys\",\"publisher\":{\"@id\":\"https:\\\/\\\/ladistilleriedutigre.fr\\\/#organization\"},\"potentialAction\":[{\"@type\":\"SearchAction\",\"target\":{\"@type\":\"EntryPoint\",\"urlTemplate\":\"https:\\\/\\\/ladistilleriedutigre.fr\\\/?s={search_term_string}\"},\"query-input\":{\"@type\":\"PropertyValueSpecification\",\"valueRequired\":true,\"valueName\":\"search_term_string\"}}],\"inLanguage\":\"fr-FR\"},{\"@type\":\"Organization\",\"@id\":\"https:\\\/\\\/ladistilleriedutigre.fr\\\/#organization\",\"name\":\"La Distillerie du Tigre - Thir\u00e9\",\"url\":\"https:\\\/\\\/ladistilleriedutigre.fr\\\/\",\"logo\":{\"@type\":\"ImageObject\",\"inLanguage\":\"fr-FR\",\"@id\":\"https:\\\/\\\/ladistilleriedutigre.fr\\\/#\\\/schema\\\/logo\\\/image\\\/\",\"url\":\"https:\\\/\\\/ladistilleriedutigre.fr\\\/wp-content\\\/uploads\\\/2024\\\/07\\\/Logo.svg\",\"contentUrl\":\"https:\\\/\\\/ladistilleriedutigre.fr\\\/wp-content\\\/uploads\\\/2024\\\/07\\\/Logo.svg\",\"width\":404,\"height\":277,\"caption\":\"La Distillerie du Tigre - Thir\u00e9\"},\"image\":{\"@id\":\"https:\\\/\\\/ladistilleriedutigre.fr\\\/#\\\/schema\\\/logo\\\/image\\\/\"}}]}<\/script>\n<!-- \/ Yoast SEO plugin. -->","yoast_head_json":{"title":"Le Tigre Jaune - La Distillerie du Tigre - Thir\u00e9","robots":{"index":"index","follow":"follow","max-snippet":"max-snippet:-1","max-image-preview":"max-image-preview:large","max-video-preview":"max-video-preview:-1"},"canonical":"https:\/\/ladistilleriedutigre.fr\/index.php\/produit\/be-ipa-no5\/","og_locale":"fr_FR","og_type":"article","og_title":"Le Tigre Jaune - La Distillerie du Tigre - Thir\u00e9","og_description":"45% | 70cl","og_url":"https:\/\/ladistilleriedutigre.fr\/index.php\/produit\/be-ipa-no5\/","og_site_name":"La Distillerie du Tigre - Thir\u00e9","article_modified_time":"2024-11-18T18:14:48+00:00","og_image":[{"width":800,"height":800,"url":"https:\/\/ladistilleriedutigre.fr\/wp-content\/uploads\/2024\/03\/Le-Tigre-Jaune-1.png","type":"image\/png"}],"twitter_card":"summary_large_image","twitter_misc":{"Dur\u00e9e de lecture estim\u00e9e":"1 minute"},"schema":{"@context":"https:\/\/schema.org","@graph":[{"@type":"WebPage","@id":"https:\/\/ladistilleriedutigre.fr\/index.php\/produit\/be-ipa-no5\/","url":"https:\/\/ladistilleriedutigre.fr\/index.php\/produit\/be-ipa-no5\/","name":"Le Tigre Jaune - La Distillerie du Tigre - Thir\u00e9","isPartOf":{"@id":"https:\/\/ladistilleriedutigre.fr\/#website"},"primaryImageOfPage":{"@id":"https:\/\/ladistilleriedutigre.fr\/index.php\/produit\/be-ipa-no5\/#primaryimage"},"image":{"@id":"https:\/\/ladistilleriedutigre.fr\/index.php\/produit\/be-ipa-no5\/#primaryimage"},"thumbnailUrl":"https:\/\/ladistilleriedutigre.fr\/wp-content\/uploads\/2024\/03\/Le-Tigre-Jaune-1.png","datePublished":"2024-03-01T09:08:22+00:00","dateModified":"2024-11-18T18:14:48+00:00","breadcrumb":{"@id":"https:\/\/ladistilleriedutigre.fr\/index.php\/produit\/be-ipa-no5\/#breadcrumb"},"inLanguage":"fr-FR","potentialAction":[{"@type":"ReadAction","target":["https:\/\/ladistilleriedutigre.fr\/index.php\/produit\/be-ipa-no5\/"]}]},{"@type":"ImageObject","inLanguage":"fr-FR","@id":"https:\/\/ladistilleriedutigre.fr\/index.php\/produit\/be-ipa-no5\/#primaryimage","url":"https:\/\/ladistilleriedutigre.fr\/wp-content\/uploads\/2024\/03\/Le-Tigre-Jaune-1.png","contentUrl":"https:\/\/ladistilleriedutigre.fr\/wp-content\/uploads\/2024\/03\/Le-Tigre-Jaune-1.png","width":800,"height":800},{"@type":"BreadcrumbList","@id":"https:\/\/ladistilleriedutigre.fr\/index.php\/produit\/be-ipa-no5\/#breadcrumb","itemListElement":[{"@type":"ListItem","position":1,"name":"Accueil","item":"https:\/\/ladistilleriedutigre.fr\/"},{"@type":"ListItem","position":2,"name":"Boutique","item":"https:\/\/ladistilleriedutigre.fr\/index.php\/shop\/"},{"@type":"ListItem","position":3,"name":"Le Tigre Jaune"}]},{"@type":"WebSite","@id":"https:\/\/ladistilleriedutigre.fr\/#website","url":"https:\/\/ladistilleriedutigre.fr\/","name":"La Distillerie du Tigre - Thir\u00e9","description":"Spiritueux, Liqueurs, Rhums, Whiskys","publisher":{"@id":"https:\/\/ladistilleriedutigre.fr\/#organization"},"potentialAction":[{"@type":"SearchAction","target":{"@type":"EntryPoint","urlTemplate":"https:\/\/ladistilleriedutigre.fr\/?s={search_term_string}"},"query-input":{"@type":"PropertyValueSpecification","valueRequired":true,"valueName":"search_term_string"}}],"inLanguage":"fr-FR"},{"@type":"Organization","@id":"https:\/\/ladistilleriedutigre.fr\/#organization","name":"La Distillerie du Tigre - Thir\u00e9","url":"https:\/\/ladistilleriedutigre.fr\/","logo":{"@type":"ImageObject","inLanguage":"fr-FR","@id":"https:\/\/ladistilleriedutigre.fr\/#\/schema\/logo\/image\/","url":"https:\/\/ladistilleriedutigre.fr\/wp-content\/uploads\/2024\/07\/Logo.svg","contentUrl":"https:\/\/ladistilleriedutigre.fr\/wp-content\/uploads\/2024\/07\/Logo.svg","width":404,"height":277,"caption":"La Distillerie du Tigre - Thir\u00e9"},"image":{"@id":"https:\/\/ladistilleriedutigre.fr\/#\/schema\/logo\/image\/"}}]}},"jetpack_sharing_enabled":true,"_links":{"self":[{"href":"https:\/\/ladistilleriedutigre.fr\/index.php\/wp-json\/wp\/v2\/product\/75","targetHints":{"allow":["GET"]}}],"collection":[{"href":"https:\/\/ladistilleriedutigre.fr\/index.php\/wp-json\/wp\/v2\/product"}],"about":[{"href":"https:\/\/ladistilleriedutigre.fr\/index.php\/wp-json\/wp\/v2\/types\/product"}],"replies":[{"embeddable":true,"href":"https:\/\/ladistilleriedutigre.fr\/index.php\/wp-json\/wp\/v2\/comments?post=75"}],"version-history":[{"count":0,"href":"https:\/\/ladistilleriedutigre.fr\/index.php\/wp-json\/wp\/v2\/product\/75\/revisions"}],"wp:featuredmedia":[{"embeddable":true,"href":"https:\/\/ladistilleriedutigre.fr\/index.php\/wp-json\/wp\/v2\/media\/413"}],"wp:attachment":[{"href":"https:\/\/ladistilleriedutigre.fr\/index.php\/wp-json\/wp\/v2\/media?parent=75"}],"wp:term":[{"taxonomy":"product_brand","embeddable":true,"href":"https:\/\/ladistilleriedutigre.fr\/index.php\/wp-json\/wp\/v2\/product_brand?post=75"},{"taxonomy":"product_cat","embeddable":true,"href":"https:\/\/ladistilleriedutigre.fr\/index.php\/wp-json\/wp\/v2\/product_cat?post=75"},{"taxonomy":"product_tag","embeddable":true,"href":"https:\/\/ladistilleriedutigre.fr\/index.php\/wp-json\/wp\/v2\/product_tag?post=75"}],"curies":[{"name":"wp","href":"https:\/\/api.w.org\/{rel}","templated":true}]}}